{"id":22,"date":"2024-10-14T08:48:46","date_gmt":"2024-10-14T08:48:46","guid":{"rendered":"https:\/\/vaikuttavat.fi\/?page_id=22"},"modified":"2024-11-15T12:35:34","modified_gmt":"2024-11-15T12:35:34","slug":"palvelut","status":"publish","type":"page","link":"https:\/\/vaikuttavat.fi\/?page_id=22","title":{"rendered":"Palvelut"},"content":{"rendered":"\t\t<div data-elementor-type=\"wp-page\" data-elementor-id=\"22\" class=\"elementor elementor-22\">\n\t\t\t\t<div class=\"elementor-element elementor-element-114badf e-grid e-con-boxed e-con e-parent\" data-id=\"114badf\" data-element_type=\"container\">\n\t\t\t\t\t<div class=\"e-con-inner\">\n\t\t\t\t<div class=\"elementor-element elementor-element-aa2a9b9 elementor-widget elementor-widget-heading\" data-id=\"aa2a9b9\" data-element_type=\"widget\" data-widget_type=\"heading.default\">\n\t\t\t\t<div class=\"elementor-widget-container\">\n\t\t\t<h1 class=\"elementor-heading-title elementor-size-default\">Palvelut<\/h1>\t\t<\/div>\n\t\t\t\t<\/div>\n\t\t\t\t<div class=\"elementor-element elementor-element-fe5dab7 elementor-widget elementor-widget-heading\" data-id=\"fe5dab7\" data-element_type=\"widget\" data-widget_type=\"heading.default\">\n\t\t\t\t<div class=\"elementor-widget-container\">\n\t\t\t<h2 class=\"elementor-heading-title elementor-size-default\">Yksil\u00f6terapia<\/h2>\t\t<\/div>\n\t\t\t\t<\/div>\n\t\t\t\t\t<\/div>\n\t\t\t\t<\/div>\n\t\t<div class=\"elementor-element elementor-element-9dab7cc e-grid e-con-boxed e-con e-parent\" data-id=\"9dab7cc\" data-element_type=\"container\">\n\t\t\t\t\t<div class=\"e-con-inner\">\n\t\t\t\t<div class=\"elementor-element elementor-element-fb1ffa0 elementor-widget__width-inherit elementor-widget elementor-widget-text-editor\" data-id=\"fb1ffa0\" data-element_type=\"widget\" data-widget_type=\"text-editor.default\">\n\t\t\t\t<div class=\"elementor-widget-container\">\n\t\t\t\t\t\t\t<p><b><u>Kognitiivinen k\u00e4ytt\u00e4ytymisterapia<\/u><\/b><\/p>\n<p><span style=\"font-weight: 400;\">Kognitiivinen k\u00e4ytt\u00e4ytymisterapia on tutkitusti vaikuttava hoitomuoto. Se perustuu asiakkaan ja terapeutin aktiiviseen vuorovaikutussuhteeseen sek\u00e4 yhdess\u00e4 teht\u00e4v\u00e4\u00e4n muutosty\u00f6h\u00f6n.<\/span><\/p>\n<p><span style=\"font-weight: 400;\">Kognitiivisen k\u00e4ytt\u00e4ytymisterapian tavoitteena on oppia tunnistamaan haitallisia ajatusmalleja ja niiden synnytt\u00e4mi\u00e4 tunteita. T\u00e4ss\u00e4 suuntauksessa terapeutti ei ole hajuton ja mauton kuuntelija, vaan osallistuva asiakkaan kanssa yhdess\u00e4 kokemuksia ty\u00f6st\u00e4v\u00e4 ammattilainen.&nbsp;<\/span><\/p>\n<p><span style=\"font-weight: 400;\">Ty\u00f6skentelyn yksil\u00f6lliset tavoitteet m\u00e4\u00e4ritell\u00e4\u00e4n heti alussa, ja niit\u00e4 tarkennetaan tarvittaessa matkan varrella. Terapian sis\u00e4lt\u00f6 muodostuu aina asiakkaan toiveista ja tarpeista. Kognitiivisessa k\u00e4ytt\u00e4ytymisterapiassa harjoitellaan uusia ajatus- ja toimintamalleja aktiivisesti osana terapiaty\u00f6skentely\u00e4. Ty\u00f6skentelyss\u00e4 altistetaan itse\u00e4 vaikeille tunteille ja pyrit\u00e4\u00e4n v\u00e4hent\u00e4m\u00e4\u00e4n niiden v\u00e4lttely\u00e4.&nbsp;<\/span><\/p>\n<p><span style=\"font-weight: 400;\">Osana ty\u00f6skentely\u00e4 harjoitellaan erilaisia taitoja, mm. ongelmanratkaisu-, itsehavainnointi-, rentoutumismenetelmi\u00e4. Terapiaprosessi jatkuu my\u00f6s terapiatapaamisten v\u00e4lill\u00e4 asiakkaalle annettavien v\u00e4liteht\u00e4vien muodossa.&nbsp;<\/span><\/p>\t\t\t\t\t\t<\/div>\n\t\t\t\t<\/div>\n\t\t\t\t<div class=\"elementor-element elementor-element-1c17533 elementor-widget elementor-widget-text-editor\" data-id=\"1c17533\" data-element_type=\"widget\" data-widget_type=\"text-editor.default\">\n\t\t\t\t<div class=\"elementor-widget-container\">\n\t\t\t\t\t\t\t<p><b><u>Koulutuspsykoterapia<\/u><\/b><\/p><p><span style=\"font-weight: 400;\">Koulutuspsykoterapiaa ohjaavat ja s\u00e4\u00e4telev\u00e4t samat lait ja periaatteet kuin valmiiden psykoterapeuttien ty\u00f6t\u00e4.<\/span><\/p><p><span style=\"font-weight: 400;\">Koulutuspsykoterapia ei ole Kela-korvattavaa, mutta se on sinulle edullisempaa kuin valmistuneen psykoterapeutin tarjoama terapia.<\/span><\/p><p><span style=\"font-weight: 400;\">Koulutuspsykoterapiaan et tarvitse l\u00e4hetett\u00e4 tai diagnoosia, joten hoito voidaan aloittaa nopeasti.<\/span><\/p><p><span style=\"font-weight: 400;\">Koulutuspsykoterapia tavoitteet, kesto ja tiheys sovitaan asiakasl\u00e4ht\u00f6isesti erillisell\u00e4 terapiasopimuksella. Terapiajakso kest\u00e4\u00e4 yleens\u00e4 4-10 kuukautta.<\/span><\/p><p><span style=\"font-weight: 400;\">Koulutuspsykoterapiaan kuuluu tiivis ty\u00f6nohjaus. T\u00e4m\u00e4 tarkoittaa sit\u00e4, ett\u00e4 k\u00e4sittelemme hoitosuhdetta kokeneen ty\u00f6nohjaajan kanssa luottamuksellisesti.\u00a0<\/span><\/p>\t\t\t\t\t\t<\/div>\n\t\t\t\t<\/div>\n\t\t\t\t<div class=\"elementor-element elementor-element-74fbbd2 elementor-widget__width-inherit elementor-widget elementor-widget-text-editor\" data-id=\"74fbbd2\" data-element_type=\"widget\" data-widget_type=\"text-editor.default\">\n\t\t\t\t<div class=\"elementor-widget-container\">\n\t\t\t\t\t\t\t<p><b><u>Ratkaisukeskeinen lyhytterapia<\/u><\/b><\/p><p>Ratkaisukeskeinen lyhytterapia on erinomainen keino l\u00f6yt\u00e4\u00e4 uusia\u00a0n\u00e4k\u00f6kulmia omaan ajatteluun el\u00e4m\u00e4n k\u00e4\u00e4nnekohdissa suuren muutoksen keskell\u00e4. Lyhytterapian avulla voit tehd\u00e4 oivalluksia, jotka auttavat sinua ymm\u00e4rt\u00e4m\u00e4\u00e4n paremmin itse\u00e4si ja ohjaavat sinua kohti toivomaasi muutosta. Ratkaisukeskeist\u00e4 lyhytterapiaa voidaan k\u00e4ytt\u00e4\u00e4 my\u00f6s lievien masennus- ja ahdistuneisuusoireiden hoidossa.\u00a0<\/p><p>Tyypillisesti lyhytterapiaprosessi kest\u00e4\u00e4 8-20 kertaa, ja kesto m\u00e4\u00e4ritell\u00e4\u00e4n sinun tarpeidesi mukaan.<\/p><p>Terapiaan et tarvitse l\u00e4hetett\u00e4 tai diagnoosia.<\/p>\t\t\t\t\t\t<\/div>\n\t\t\t\t<\/div>\n\t\t\t\t\t<\/div>\n\t\t\t\t<\/div>\n\t\t<div class=\"elementor-element elementor-element-818c8d0 e-con-full e-flex e-con e-parent\" data-id=\"818c8d0\" data-element_type=\"container\">\n\t\t<div class=\"elementor-element elementor-element-7c31de6 e-con-full e-flex e-con e-child\" data-id=\"7c31de6\" data-element_type=\"container\">\n\t\t\t\t<\/div>\n\t\t\t\t<div class=\"elementor-element elementor-element-219fbe9 elementor-widget elementor-widget-heading\" data-id=\"219fbe9\" data-element_type=\"widget\" data-widget_type=\"heading.default\">\n\t\t\t\t<div class=\"elementor-widget-container\">\n\t\t\t<h2 class=\"elementor-heading-title elementor-size-default\">Pariterapia<\/h2>\t\t<\/div>\n\t\t\t\t<\/div>\n\t\t\t\t<div class=\"elementor-element elementor-element-ebef8c6 elementor-widget__width-initial elementor-widget-mobile__width-initial elementor-widget elementor-widget-text-editor\" data-id=\"ebef8c6\" data-element_type=\"widget\" data-widget_type=\"text-editor.default\">\n\t\t\t\t<div class=\"elementor-widget-container\">\n\t\t\t\t\t\t\t<p><b><u>Ratkaisukeskeinen parilyhytterapia<\/u><\/b><\/p><p><span style=\"font-weight: 400;\">Parilyhytterapia tarjoaa mahdollisuuden k\u00e4sitell\u00e4 parisuhteen haasteita ja l\u00f6yt\u00e4\u00e4 yhteinen suunta tulevaisuuteen. Ratkaisukeskeisyyden ajattelun mukaisesti t\u00e4ss\u00e4 pariterapiamuodossa ei keskityt\u00e4 menneisyydess\u00e4 tapahtuneisiin asioihin, niihin vilkaistaan vain sen verran, mik\u00e4 on nykytilanteen ymm\u00e4rt\u00e4misen kannalta tarpeellista. Ty\u00f6skentelyn keski\u00f6ss\u00e4 on ratkaisujen rakentaminen yhdess\u00e4 niin, ett\u00e4 teid\u00e4n parisuhteenne voisi paremmin.\u00a0<\/span><\/p><p><span style=\"font-weight: 400;\">Parilyhytterapiaan ette tarvitse l\u00e4hetett\u00e4.<\/span><\/p>\t\t\t\t\t\t<\/div>\n\t\t\t\t<\/div>\n\t\t<div class=\"elementor-element elementor-element-4aff73d e-con-full e-flex e-con e-child\" data-id=\"4aff73d\" data-element_type=\"container\">\n\t\t\t\t<div class=\"elementor-element elementor-element-b5333b7 elementor-widget elementor-widget-heading\" data-id=\"b5333b7\" data-element_type=\"widget\" data-widget_type=\"heading.default\">\n\t\t\t\t<div class=\"elementor-widget-container\">\n\t\t\t<h2 class=\"elementor-heading-title elementor-size-default\">Perheohjaus<\/h2>\t\t<\/div>\n\t\t\t\t<\/div>\n\t\t\t\t<div class=\"elementor-element elementor-element-0ca0f15 elementor-widget__width-initial elementor-widget elementor-widget-text-editor\" data-id=\"0ca0f15\" data-element_type=\"widget\" data-widget_type=\"text-editor.default\">\n\t\t\t\t<div class=\"elementor-widget-container\">\n\t\t\t\t\t\t\t<p><b><u>Perheohjaus<\/u><\/b><\/p><p><span style=\"font-weight: 400;\">Toisinaan perheen tilanne menee solmuun niin, ett\u00e4 sit\u00e4 on hyv\u00e4 tarkastella ulkopuolisen henkil\u00f6n kanssa. Perhedynamiikan haasteiden taustalla on usein vaikeat vuorovaikutussuhteet, joiden muokkaamiseen ohjaus tarjoaa matalan kynnyksen apua.\u00a0<\/span><\/p>\t\t\t\t\t\t<\/div>\n\t\t\t\t<\/div>\n\t\t\t\t<div class=\"elementor-element elementor-element-3cdde68 elementor-align-center elementor-mobile-align-center elementor-widget elementor-widget-button\" data-id=\"3cdde68\" data-element_type=\"widget\" data-widget_type=\"button.default\">\n\t\t\t\t<div class=\"elementor-widget-container\">\n\t\t\t\t\t\t\t<div class=\"elementor-button-wrapper\">\n\t\t\t\t\t<a class=\"elementor-button elementor-button-link elementor-size-sm\" href=\"https:\/\/vaikuttavat.fi\/?page_id=20\">\n\t\t\t\t\t\t<span class=\"elementor-button-content-wrapper\">\n\t\t\t\t\t\t\t\t\t<span class=\"elementor-button-text\">Yhteystiedot<\/span>\n\t\t\t\t\t<\/span>\n\t\t\t\t\t<\/a>\n\t\t\t\t<\/div>\n\t\t\t\t\t\t<\/div>\n\t\t\t\t<\/div>\n\t\t<div class=\"elementor-element elementor-element-0a8bb9e e-con-full e-flex e-con e-child\" data-id=\"0a8bb9e\" data-element_type=\"container\">\n\t\t\t\t<div class=\"elementor-element elementor-element-6da46fe elementor-widget-mobile__width-initial elementor-widget elementor-widget-spacer\" data-id=\"6da46fe\" data-element_type=\"widget\" data-widget_type=\"spacer.default\">\n\t\t\t\t<div class=\"elementor-widget-container\">\n\t\t\t\t\t<div class=\"elementor-spacer\">\n\t\t\t<div class=\"elementor-spacer-inner\"><\/div>\n\t\t<\/div>\n\t\t\t\t<\/div>\n\t\t\t\t<\/div>\n\t\t\t\t<\/div>\n\t\t\t\t<\/div>\n\t\t\t\t<\/div>\n\t\t<div class=\"elementor-element elementor-element-c468e0f e-flex e-con-boxed e-con e-parent\" data-id=\"c468e0f\" data-element_type=\"container\">\n\t\t\t\t\t<div class=\"e-con-inner\">\n\t\t\t\t<div class=\"elementor-element elementor-element-f88d9a7 elementor-widget elementor-widget-image\" data-id=\"f88d9a7\" data-element_type=\"widget\" data-widget_type=\"image.default\">\n\t\t\t\t<div class=\"elementor-widget-container\">\n\t\t\t\t\t\t\t\t\t\t\t\t\t<img fetchpriority=\"high\" decoding=\"async\" width=\"819\" height=\"1024\" src=\"https:\/\/vaikuttavat.fi\/wp-content\/uploads\/2024\/11\/DSC_7883-Edit-Edit-Edit-Edit-1-819x1024.jpg\" class=\"attachment-large size-large wp-image-102\" alt=\"Kaunis ranta\" srcset=\"https:\/\/vaikuttavat.fi\/wp-content\/uploads\/2024\/11\/DSC_7883-Edit-Edit-Edit-Edit-1-819x1024.jpg 819w, https:\/\/vaikuttavat.fi\/wp-content\/uploads\/2024\/11\/DSC_7883-Edit-Edit-Edit-Edit-1-240x300.jpg 240w, https:\/\/vaikuttavat.fi\/wp-content\/uploads\/2024\/11\/DSC_7883-Edit-Edit-Edit-Edit-1-768x960.jpg 768w, https:\/\/vaikuttavat.fi\/wp-content\/uploads\/2024\/11\/DSC_7883-Edit-Edit-Edit-Edit-1-scaled.jpg 2048w\" sizes=\"(max-width: 819px) 100vw, 819px\" \/>\t\t\t\t\t\t\t\t\t\t\t\t\t<\/div>\n\t\t\t\t<\/div>\n\t\t\t\t\t<\/div>\n\t\t\t\t<\/div>\n\t\t\t\t<\/div>\n\t\t","protected":false},"excerpt":{"rendered":"<p>Palvelut Yksil\u00f6terapia Kognitiivinen k\u00e4ytt\u00e4ytymisterapia Kognitiivinen k\u00e4ytt\u00e4ytymisterapia on tutkitusti vaikuttava hoitomuoto. Se perustuu asiakkaan ja terapeutin aktiiviseen vuorovaikutussuhteeseen sek\u00e4 yhdess\u00e4 teht\u00e4v\u00e4\u00e4n [&hellip;]<\/p>\n","protected":false},"author":1,"featured_media":0,"parent":0,"menu_order":0,"comment_status":"closed","ping_status":"closed","template":"","meta":{"site-sidebar-layout":"no-sidebar","site-content-layout":"","ast-site-content-layout":"full-width-container","site-content-style":"default","site-sidebar-style":"default","ast-global-header-display":"","ast-banner-title-visibility":"","ast-main-header-display":"","ast-hfb-above-header-display":"","ast-hfb-below-header-display":"","ast-hfb-mobile-header-display":"","site-post-title":"disabled","ast-breadcrumbs-content":"","ast-featured-img":"disabled","footer-sml-layout":"","theme-transparent-header-meta":"","adv-header-id-meta":"","stick-header-meta":"","header-above-stick-meta":"","header-main-stick-meta":"","header-below-stick-meta":"","astra-migrate-meta-layouts":"default","ast-page-background-enabled":"default","ast-page-background-meta":{"desktop":{"background-color":"var(--ast-global-color-4)","background-image":"","background-repeat":"repeat","background-position":"center center","background-size":"auto","background-attachment":"scroll","background-type":"","background-media":"","overlay-type":"","overlay-color":"","overlay-opacity":"","overlay-gradient":""},"tablet":{"background-color":"","background-image":"","background-repeat":"repeat","background-position":"center center","background-size":"auto","background-attachment":"scroll","background-type":"","background-media":"","overlay-type":"","overlay-color":"","overlay-opacity":"","overlay-gradient":""},"mobile":{"background-color":"","background-image":"","background-repeat":"repeat","background-position":"center center","background-size":"auto","background-attachment":"scroll","background-type":"","background-media":"","overlay-type":"","overlay-color":"","overlay-opacity":"","overlay-gradient":""}},"ast-content-background-meta":{"desktop":{"background-color":"var(--ast-global-color-5)","background-image":"","background-repeat":"repeat","background-position":"center center","background-size":"auto","background-attachment":"scroll","background-type":"","background-media":"","overlay-type":"","overlay-color":"","overlay-opacity":"","overlay-gradient":""},"tablet":{"background-color":"var(--ast-global-color-5)","background-image":"","background-repeat":"repeat","background-position":"center center","background-size":"auto","background-attachment":"scroll","background-type":"","background-media":"","overlay-type":"","overlay-color":"","overlay-opacity":"","overlay-gradient":""},"mobile":{"background-color":"var(--ast-global-color-5)","background-image":"","background-repeat":"repeat","background-position":"center center","background-size":"auto","background-attachment":"scroll","background-type":"","background-media":"","overlay-type":"","overlay-color":"","overlay-opacity":"","overlay-gradient":""}},"footnotes":""},"class_list":["post-22","page","type-page","status-publish","hentry"],"yoast_head":"<!-- This site is optimized with the Yoast SEO plugin v23.6 - https:\/\/yoast.com\/wordpress\/plugins\/seo\/ -->\n<title>Palvelut - Vaikuttava<\/title>\n<meta name=\"description\" content=\"Terapia- ja ohjauspalveluihimme kuuluu koulutuspsykoterapia, ratkaisukeskeinen lyhytterapia yksil\u00f6- ja pariterapiana, lue lis\u00e4\u00e4 muista sivuitamme!\" \/>\n<meta name=\"robots\" content=\"index, follow, max-snippet:-1, max-image-preview:large, max-video-preview:-1\" \/>\n<link rel=\"canonical\" href=\"https:\/\/vaikuttavat.fi\/?page_id=22\" \/>\n<meta property=\"og:locale\" content=\"fi_FI\" \/>\n<meta property=\"og:type\" content=\"article\" \/>\n<meta property=\"og:title\" content=\"Palvelut - Vaikuttava\" \/>\n<meta property=\"og:description\" content=\"Terapia- ja ohjauspalveluihimme kuuluu koulutuspsykoterapia, ratkaisukeskeinen lyhytterapia yksil\u00f6- ja pariterapiana, lue lis\u00e4\u00e4 muista sivuitamme!\" \/>\n<meta property=\"og:url\" content=\"https:\/\/vaikuttavat.fi\/?page_id=22\" \/>\n<meta property=\"og:site_name\" content=\"Vaikuttava\" \/>\n<meta property=\"article:modified_time\" content=\"2024-11-15T12:35:34+00:00\" \/>\n<meta property=\"og:image\" content=\"https:\/\/vaikuttavat.fi\/wp-content\/uploads\/2024\/11\/DSC_7883-Edit-Edit-Edit-Edit-1-scaled.jpg\" \/>\n\t<meta property=\"og:image:width\" content=\"2048\" \/>\n\t<meta property=\"og:image:height\" content=\"2560\" \/>\n\t<meta property=\"og:image:type\" content=\"image\/jpeg\" \/>\n<meta name=\"twitter:card\" content=\"summary_large_image\" \/>\n<meta name=\"twitter:label1\" content=\"Arvioitu lukuaika\" \/>\n\t<meta name=\"twitter:data1\" content=\"2 minuuttia\" \/>\n<script type=\"application\/ld+json\" class=\"yoast-schema-graph\">{\"@context\":\"https:\/\/schema.org\",\"@graph\":[{\"@type\":\"WebPage\",\"@id\":\"https:\/\/vaikuttavat.fi\/?page_id=22\",\"url\":\"https:\/\/vaikuttavat.fi\/?page_id=22\",\"name\":\"Palvelut - Vaikuttava\",\"isPartOf\":{\"@id\":\"https:\/\/vaikuttavat.fi\/#website\"},\"primaryImageOfPage\":{\"@id\":\"https:\/\/vaikuttavat.fi\/?page_id=22#primaryimage\"},\"image\":{\"@id\":\"https:\/\/vaikuttavat.fi\/?page_id=22#primaryimage\"},\"thumbnailUrl\":\"https:\/\/vaikuttavat.fi\/wp-content\/uploads\/2024\/11\/DSC_7883-Edit-Edit-Edit-Edit-1-819x1024.jpg\",\"datePublished\":\"2024-10-14T08:48:46+00:00\",\"dateModified\":\"2024-11-15T12:35:34+00:00\",\"description\":\"Terapia- ja ohjauspalveluihimme kuuluu koulutuspsykoterapia, ratkaisukeskeinen lyhytterapia yksil\u00f6- ja pariterapiana, lue lis\u00e4\u00e4 muista sivuitamme!\",\"breadcrumb\":{\"@id\":\"https:\/\/vaikuttavat.fi\/?page_id=22#breadcrumb\"},\"inLanguage\":\"fi\",\"potentialAction\":[{\"@type\":\"ReadAction\",\"target\":[\"https:\/\/vaikuttavat.fi\/?page_id=22\"]}]},{\"@type\":\"ImageObject\",\"inLanguage\":\"fi\",\"@id\":\"https:\/\/vaikuttavat.fi\/?page_id=22#primaryimage\",\"url\":\"https:\/\/vaikuttavat.fi\/wp-content\/uploads\/2024\/11\/DSC_7883-Edit-Edit-Edit-Edit-1-scaled.jpg\",\"contentUrl\":\"https:\/\/vaikuttavat.fi\/wp-content\/uploads\/2024\/11\/DSC_7883-Edit-Edit-Edit-Edit-1-scaled.jpg\",\"width\":2048,\"height\":2560,\"caption\":\"Kaunis ranta\"},{\"@type\":\"BreadcrumbList\",\"@id\":\"https:\/\/vaikuttavat.fi\/?page_id=22#breadcrumb\",\"itemListElement\":[{\"@type\":\"ListItem\",\"position\":1,\"name\":\"Etusivu\",\"item\":\"https:\/\/vaikuttavat.fi\/\"},{\"@type\":\"ListItem\",\"position\":2,\"name\":\"Palvelut\"}]},{\"@type\":\"WebSite\",\"@id\":\"https:\/\/vaikuttavat.fi\/#website\",\"url\":\"https:\/\/vaikuttavat.fi\/\",\"name\":\"Vaikuttava\",\"description\":\"Terapia- ja ohjauspalvelut\",\"publisher\":{\"@id\":\"https:\/\/vaikuttavat.fi\/#organization\"},\"potentialAction\":[{\"@type\":\"SearchAction\",\"target\":{\"@type\":\"EntryPoint\",\"urlTemplate\":\"https:\/\/vaikuttavat.fi\/?s={search_term_string}\"},\"query-input\":{\"@type\":\"PropertyValueSpecification\",\"valueRequired\":true,\"valueName\":\"search_term_string\"}}],\"inLanguage\":\"fi\"},{\"@type\":\"Organization\",\"@id\":\"https:\/\/vaikuttavat.fi\/#organization\",\"name\":\"Vaikuttava\",\"url\":\"https:\/\/vaikuttavat.fi\/\",\"logo\":{\"@type\":\"ImageObject\",\"inLanguage\":\"fi\",\"@id\":\"https:\/\/vaikuttavat.fi\/#\/schema\/logo\/image\/\",\"url\":\"https:\/\/vaikuttavat.fi\/wp-content\/uploads\/2024\/11\/cropped-cropped-cropped-Vaikuttava.png\",\"contentUrl\":\"https:\/\/vaikuttavat.fi\/wp-content\/uploads\/2024\/11\/cropped-cropped-cropped-Vaikuttava.png\",\"width\":441,\"height\":147,\"caption\":\"Vaikuttava\"},\"image\":{\"@id\":\"https:\/\/vaikuttavat.fi\/#\/schema\/logo\/image\/\"}}]}<\/script>\n<!-- \/ Yoast SEO plugin. -->","yoast_head_json":{"title":"Palvelut - Vaikuttava","description":"Terapia- ja ohjauspalveluihimme kuuluu koulutuspsykoterapia, ratkaisukeskeinen lyhytterapia yksil\u00f6- ja pariterapiana, lue lis\u00e4\u00e4 muista sivuitamme!","robots":{"index":"index","follow":"follow","max-snippet":"max-snippet:-1","max-image-preview":"max-image-preview:large","max-video-preview":"max-video-preview:-1"},"canonical":"https:\/\/vaikuttavat.fi\/?page_id=22","og_locale":"fi_FI","og_type":"article","og_title":"Palvelut - Vaikuttava","og_description":"Terapia- ja ohjauspalveluihimme kuuluu koulutuspsykoterapia, ratkaisukeskeinen lyhytterapia yksil\u00f6- ja pariterapiana, lue lis\u00e4\u00e4 muista sivuitamme!","og_url":"https:\/\/vaikuttavat.fi\/?page_id=22","og_site_name":"Vaikuttava","article_modified_time":"2024-11-15T12:35:34+00:00","og_image":[{"width":2048,"height":2560,"url":"https:\/\/vaikuttavat.fi\/wp-content\/uploads\/2024\/11\/DSC_7883-Edit-Edit-Edit-Edit-1-scaled.jpg","type":"image\/jpeg"}],"twitter_card":"summary_large_image","twitter_misc":{"Arvioitu lukuaika":"2 minuuttia"},"schema":{"@context":"https:\/\/schema.org","@graph":[{"@type":"WebPage","@id":"https:\/\/vaikuttavat.fi\/?page_id=22","url":"https:\/\/vaikuttavat.fi\/?page_id=22","name":"Palvelut - Vaikuttava","isPartOf":{"@id":"https:\/\/vaikuttavat.fi\/#website"},"primaryImageOfPage":{"@id":"https:\/\/vaikuttavat.fi\/?page_id=22#primaryimage"},"image":{"@id":"https:\/\/vaikuttavat.fi\/?page_id=22#primaryimage"},"thumbnailUrl":"https:\/\/vaikuttavat.fi\/wp-content\/uploads\/2024\/11\/DSC_7883-Edit-Edit-Edit-Edit-1-819x1024.jpg","datePublished":"2024-10-14T08:48:46+00:00","dateModified":"2024-11-15T12:35:34+00:00","description":"Terapia- ja ohjauspalveluihimme kuuluu koulutuspsykoterapia, ratkaisukeskeinen lyhytterapia yksil\u00f6- ja pariterapiana, lue lis\u00e4\u00e4 muista sivuitamme!","breadcrumb":{"@id":"https:\/\/vaikuttavat.fi\/?page_id=22#breadcrumb"},"inLanguage":"fi","potentialAction":[{"@type":"ReadAction","target":["https:\/\/vaikuttavat.fi\/?page_id=22"]}]},{"@type":"ImageObject","inLanguage":"fi","@id":"https:\/\/vaikuttavat.fi\/?page_id=22#primaryimage","url":"https:\/\/vaikuttavat.fi\/wp-content\/uploads\/2024\/11\/DSC_7883-Edit-Edit-Edit-Edit-1-scaled.jpg","contentUrl":"https:\/\/vaikuttavat.fi\/wp-content\/uploads\/2024\/11\/DSC_7883-Edit-Edit-Edit-Edit-1-scaled.jpg","width":2048,"height":2560,"caption":"Kaunis ranta"},{"@type":"BreadcrumbList","@id":"https:\/\/vaikuttavat.fi\/?page_id=22#breadcrumb","itemListElement":[{"@type":"ListItem","position":1,"name":"Etusivu","item":"https:\/\/vaikuttavat.fi\/"},{"@type":"ListItem","position":2,"name":"Palvelut"}]},{"@type":"WebSite","@id":"https:\/\/vaikuttavat.fi\/#website","url":"https:\/\/vaikuttavat.fi\/","name":"Vaikuttava","description":"Terapia- ja ohjauspalvelut","publisher":{"@id":"https:\/\/vaikuttavat.fi\/#organization"},"potentialAction":[{"@type":"SearchAction","target":{"@type":"EntryPoint","urlTemplate":"https:\/\/vaikuttavat.fi\/?s={search_term_string}"},"query-input":{"@type":"PropertyValueSpecification","valueRequired":true,"valueName":"search_term_string"}}],"inLanguage":"fi"},{"@type":"Organization","@id":"https:\/\/vaikuttavat.fi\/#organization","name":"Vaikuttava","url":"https:\/\/vaikuttavat.fi\/","logo":{"@type":"ImageObject","inLanguage":"fi","@id":"https:\/\/vaikuttavat.fi\/#\/schema\/logo\/image\/","url":"https:\/\/vaikuttavat.fi\/wp-content\/uploads\/2024\/11\/cropped-cropped-cropped-Vaikuttava.png","contentUrl":"https:\/\/vaikuttavat.fi\/wp-content\/uploads\/2024\/11\/cropped-cropped-cropped-Vaikuttava.png","width":441,"height":147,"caption":"Vaikuttava"},"image":{"@id":"https:\/\/vaikuttavat.fi\/#\/schema\/logo\/image\/"}}]}},"_links":{"self":[{"href":"https:\/\/vaikuttavat.fi\/index.php?rest_route=\/wp\/v2\/pages\/22"}],"collection":[{"href":"https:\/\/vaikuttavat.fi\/index.php?rest_route=\/wp\/v2\/pages"}],"about":[{"href":"https:\/\/vaikuttavat.fi\/index.php?rest_route=\/wp\/v2\/types\/page"}],"author":[{"embeddable":true,"href":"https:\/\/vaikuttavat.fi\/index.php?rest_route=\/wp\/v2\/users\/1"}],"replies":[{"embeddable":true,"href":"https:\/\/vaikuttavat.fi\/index.php?rest_route=%2Fwp%2Fv2%2Fcomments&post=22"}],"version-history":[{"count":52,"href":"https:\/\/vaikuttavat.fi\/index.php?rest_route=\/wp\/v2\/pages\/22\/revisions"}],"predecessor-version":[{"id":196,"href":"https:\/\/vaikuttavat.fi\/index.php?rest_route=\/wp\/v2\/pages\/22\/revisions\/196"}],"wp:attachment":[{"href":"https:\/\/vaikuttavat.fi\/index.php?rest_route=%2Fwp%2Fv2%2Fmedia&parent=22"}],"curies":[{"name":"wp","href":"https:\/\/api.w.org\/{rel}","templated":true}]}}