{"id":2,"date":"2024-02-25T12:39:36","date_gmt":"2024-02-25T12:39:36","guid":{"rendered":"https:\/\/vaikuttavat.fi\/?page_id=2"},"modified":"2024-11-17T19:49:14","modified_gmt":"2024-11-17T19:49:14","slug":"etusivu","status":"publish","type":"page","link":"https:\/\/vaikuttavat.fi\/","title":{"rendered":"Etusivu"},"content":{"rendered":"\t\t<div data-elementor-type=\"wp-page\" data-elementor-id=\"2\" class=\"elementor elementor-2\">\n\t\t\t\t<div class=\"elementor-element elementor-element-5d12efed e-flex e-con-boxed e-con e-parent\" data-id=\"5d12efed\" data-element_type=\"container\">\n\t\t\t\t\t<div class=\"e-con-inner\">\n\t\t\t\t<div class=\"elementor-element elementor-element-2e79937 elementor-widget elementor-widget-text-editor\" data-id=\"2e79937\" data-element_type=\"widget\" data-widget_type=\"text-editor.default\">\n\t\t\t\t<div class=\"elementor-widget-container\">\n\t\t\t\t\t\t\t<h1>Terapia- ja ohjauspalvelut\u00a0<\/h1><div>Toimipisteemme sijaitsee Lohjalla.<br \/>Otamme vastaan my\u00f6s Helsingin Pasilassa.\u00a0<\/div><div>Tarjoamme yksil\u00f6- ja pariterapiaa sek\u00e4 perheohjausta.<\/div>\t\t\t\t\t\t<\/div>\n\t\t\t\t<\/div>\n\t\t\t\t\t<\/div>\n\t\t\t\t<\/div>\n\t\t<div class=\"elementor-element elementor-element-d30a47f e-flex e-con-boxed e-con e-parent\" data-id=\"d30a47f\" data-element_type=\"container\">\n\t\t\t\t\t<div class=\"e-con-inner\">\n\t\t<div class=\"elementor-element elementor-element-e72047c e-con-full e-flex e-con e-child\" data-id=\"e72047c\" data-element_type=\"container\">\n\t\t\t\t<div class=\"elementor-element elementor-element-1b2ea0c elementor-widget elementor-widget-heading\" data-id=\"1b2ea0c\" data-element_type=\"widget\" data-widget_type=\"heading.default\">\n\t\t\t\t<div class=\"elementor-widget-container\">\n\t\t\t<h2 class=\"elementor-heading-title elementor-size-default\">Palvelumme<\/h2>\t\t<\/div>\n\t\t\t\t<\/div>\n\t\t\t\t<div class=\"elementor-element elementor-element-cdc0a18 elementor-widget elementor-widget-text-editor\" data-id=\"cdc0a18\" data-element_type=\"widget\" data-widget_type=\"text-editor.default\">\n\t\t\t\t<div class=\"elementor-widget-container\">\n\t\t\t\t\t\t\t<ul>\n<li>Koulutuspsykoterapia<\/li>\n<li>Kognitiivinen k\u00e4ytt\u00e4ytymisterapia\u00a0<\/li>\n<li>Ratkaisukeskeinen lyhytterapia<\/li>\n<li>Ratkaisukeskeinen parilyhytterapia<\/li>\n<li>Perheohjaus<\/li>\n<\/ul>\t\t\t\t\t\t<\/div>\n\t\t\t\t<\/div>\n\t\t\t\t<div class=\"elementor-element elementor-element-f9e7e6a elementor-widget__width-initial elementor-widget elementor-widget-button\" data-id=\"f9e7e6a\" data-element_type=\"widget\" data-widget_type=\"button.default\">\n\t\t\t\t<div class=\"elementor-widget-container\">\n\t\t\t\t\t\t\t<div class=\"elementor-button-wrapper\">\n\t\t\t\t\t<a class=\"elementor-button elementor-button-link elementor-size-sm\" href=\"https:\/\/vaikuttavat.fi\/?page_id=22\">\n\t\t\t\t\t\t<span class=\"elementor-button-content-wrapper\">\n\t\t\t\t\t\t\t\t\t<span class=\"elementor-button-text\">Lue lis\u00e4\u00e4<\/span>\n\t\t\t\t\t<\/span>\n\t\t\t\t\t<\/a>\n\t\t\t\t<\/div>\n\t\t\t\t\t\t<\/div>\n\t\t\t\t<\/div>\n\t\t\t\t<div class=\"elementor-element elementor-element-7d91083 elementor-widget__width-initial elementor-widget elementor-widget-button\" data-id=\"7d91083\" data-element_type=\"widget\" data-widget_type=\"button.default\">\n\t\t\t\t<div class=\"elementor-widget-container\">\n\t\t\t\t\t\t\t<div class=\"elementor-button-wrapper\">\n\t\t\t\t\t<a class=\"elementor-button elementor-button-link elementor-size-sm\" href=\"https:\/\/vaikuttavat.fi\/?page_id=20\">\n\t\t\t\t\t\t<span class=\"elementor-button-content-wrapper\">\n\t\t\t\t\t\t\t\t\t<span class=\"elementor-button-text\">Ota yhteytt\u00e4<\/span>\n\t\t\t\t\t<\/span>\n\t\t\t\t\t<\/a>\n\t\t\t\t<\/div>\n\t\t\t\t\t\t<\/div>\n\t\t\t\t<\/div>\n\t\t\t\t<\/div>\n\t\t<div class=\"elementor-element elementor-element-999f5d5 e-con-full e-flex e-con e-child\" data-id=\"999f5d5\" data-element_type=\"container\">\n\t\t\t\t<div class=\"elementor-element elementor-element-e3a2d37 elementor-widget elementor-widget-image\" data-id=\"e3a2d37\" data-element_type=\"widget\" data-widget_type=\"image.default\">\n\t\t\t\t<div class=\"elementor-widget-container\">\n\t\t\t\t\t\t\t\t\t\t\t\t\t<img fetchpriority=\"high\" decoding=\"async\" width=\"819\" height=\"1024\" src=\"https:\/\/vaikuttavat.fi\/wp-content\/uploads\/2024\/11\/DSC_1604-Redigera-819x1024.jpg\" class=\"attachment-large size-large wp-image-53\" alt=\"Rauhoittava luonto\" srcset=\"https:\/\/vaikuttavat.fi\/wp-content\/uploads\/2024\/11\/DSC_1604-Redigera-819x1024.jpg 819w, https:\/\/vaikuttavat.fi\/wp-content\/uploads\/2024\/11\/DSC_1604-Redigera-240x300.jpg 240w, https:\/\/vaikuttavat.fi\/wp-content\/uploads\/2024\/11\/DSC_1604-Redigera-768x960.jpg 768w, https:\/\/vaikuttavat.fi\/wp-content\/uploads\/2024\/11\/DSC_1604-Redigera.jpg 1080w\" sizes=\"(max-width: 819px) 100vw, 819px\" \/>\t\t\t\t\t\t\t\t\t\t\t\t\t<\/div>\n\t\t\t\t<\/div>\n\t\t\t\t<\/div>\n\t\t\t\t\t<\/div>\n\t\t\t\t<\/div>\n\t\t<div class=\"elementor-element elementor-element-810d489 e-flex e-con-boxed e-con e-parent\" data-id=\"810d489\" data-element_type=\"container\">\n\t\t\t\t\t<div class=\"e-con-inner\">\n\t\t\t\t<div class=\"elementor-element elementor-element-5c5810d elementor-widget elementor-widget-heading\" data-id=\"5c5810d\" data-element_type=\"widget\" data-widget_type=\"heading.default\">\n\t\t\t\t<div class=\"elementor-widget-container\">\n\t\t\t<h2 class=\"elementor-heading-title elementor-size-default\">Terapeuttimme:<\/h2>\t\t<\/div>\n\t\t\t\t<\/div>\n\t\t\t\t\t<\/div>\n\t\t\t\t<\/div>\n\t\t<div class=\"elementor-element elementor-element-2d337ab e-flex e-con-boxed e-con e-parent\" data-id=\"2d337ab\" data-element_type=\"container\">\n\t\t\t\t\t<div class=\"e-con-inner\">\n\t\t<div class=\"elementor-element elementor-element-d920e4e e-con-full e-flex e-con e-child\" data-id=\"d920e4e\" data-element_type=\"container\">\n\t\t\t\t<div class=\"elementor-element elementor-element-7767aba elementor-widget__width-initial elementor-widget elementor-widget-heading\" data-id=\"7767aba\" data-element_type=\"widget\" data-widget_type=\"heading.default\">\n\t\t\t\t<div class=\"elementor-widget-container\">\n\t\t\t<h3 class=\"elementor-heading-title elementor-size-default\">Pirita Glumerus<\/h3>\t\t<\/div>\n\t\t\t\t<\/div>\n\t\t\t\t<\/div>\n\t\t<div class=\"elementor-element elementor-element-754e1b0 e-con-full e-flex e-con e-child\" data-id=\"754e1b0\" data-element_type=\"container\">\n\t\t\t\t<div class=\"elementor-element elementor-element-d341bce elementor-widget elementor-widget-heading\" data-id=\"d341bce\" data-element_type=\"widget\" data-widget_type=\"heading.default\">\n\t\t\t\t<div class=\"elementor-widget-container\">\n\t\t\t<h3 class=\"elementor-heading-title elementor-size-default\">Laura Harva<\/h3>\t\t<\/div>\n\t\t\t\t<\/div>\n\t\t\t\t<\/div>\n\t\t\t\t\t<\/div>\n\t\t\t\t<\/div>\n\t\t<div class=\"elementor-element elementor-element-4f54a04 e-grid e-con-boxed e-con e-parent\" data-id=\"4f54a04\" data-element_type=\"container\">\n\t\t\t\t\t<div class=\"e-con-inner\">\n\t\t\t\t<div class=\"elementor-element elementor-element-799a31a elementor-widget elementor-widget-image\" data-id=\"799a31a\" data-element_type=\"widget\" data-widget_type=\"image.default\">\n\t\t\t\t<div class=\"elementor-widget-container\">\n\t\t\t\t\t\t\t\t\t\t\t\t\t\t<a href=\"https:\/\/vaikuttavat.fi\/?page_id=18\">\n\t\t\t\t\t\t\t<img decoding=\"async\" src=\"https:\/\/vaikuttavat.fi\/wp-content\/plugins\/elementor\/assets\/images\/placeholder.png\" title=\"\" alt=\"\" loading=\"lazy\" \/>\t\t\t\t\t\t\t\t<\/a>\n\t\t\t\t\t\t\t\t\t\t\t\t\t<\/div>\n\t\t\t\t<\/div>\n\t\t\t\t<div class=\"elementor-element elementor-element-4a0267e elementor-widget elementor-widget-image\" data-id=\"4a0267e\" data-element_type=\"widget\" data-widget_type=\"image.default\">\n\t\t\t\t<div class=\"elementor-widget-container\">\n\t\t\t\t\t\t\t\t\t\t\t\t\t\t<a href=\"https:\/\/vaikuttavat.fi\/?page_id=18\">\n\t\t\t\t\t\t\t<img decoding=\"async\" src=\"https:\/\/vaikuttavat.fi\/wp-content\/plugins\/elementor\/assets\/images\/placeholder.png\" title=\"\" alt=\"\" loading=\"lazy\" \/>\t\t\t\t\t\t\t\t<\/a>\n\t\t\t\t\t\t\t\t\t\t\t\t\t<\/div>\n\t\t\t\t<\/div>\n\t\t\t\t\t<\/div>\n\t\t\t\t<\/div>\n\t\t\t\t<\/div>\n\t\t","protected":false},"excerpt":{"rendered":"<p>Terapia- ja ohjauspalvelut\u00a0 Toimipisteemme sijaitsee Lohjalla.Otamme vastaan my\u00f6s Helsingin Pasilassa.\u00a0Tarjoamme yksil\u00f6- ja pariterapiaa sek\u00e4 perheohjausta. Palvelumme Koulutuspsykoterapia Kognitiivinen k\u00e4ytt\u00e4ytymisterapia\u00a0 Ratkaisukeskeinen [&hellip;]<\/p>\n","protected":false},"author":1,"featured_media":0,"parent":0,"menu_order":0,"comment_status":"closed","ping_status":"open","template":"","meta":{"site-sidebar-layout":"default","site-content-layout":"","ast-site-content-layout":"","site-content-style":"default","site-sidebar-style":"default","ast-global-header-display":"","ast-banner-title-visibility":"","ast-main-header-display":"","ast-hfb-above-header-display":"","ast-hfb-below-header-display":"","ast-hfb-mobile-header-display":"","site-post-title":"disabled","ast-breadcrumbs-content":"","ast-featured-img":"","footer-sml-layout":"","theme-transparent-header-meta":"","adv-header-id-meta":"","stick-header-meta":"","header-above-stick-meta":"","header-main-stick-meta":"","header-below-stick-meta":"","astra-migrate-meta-layouts":"default","ast-page-background-enabled":"default","ast-page-background-meta":{"desktop":{"background-color":"var(--ast-global-color-4)","background-image":"","background-repeat":"repeat","background-position":"center center","background-size":"auto","background-attachment":"scroll","background-type":"","background-media":"","overlay-type":"","overlay-color":"","overlay-opacity":"","overlay-gradient":""},"tablet":{"background-color":"","background-image":"","background-repeat":"repeat","background-position":"center center","background-size":"auto","background-attachment":"scroll","background-type":"","background-media":"","overlay-type":"","overlay-color":"","overlay-opacity":"","overlay-gradient":""},"mobile":{"background-color":"","background-image":"","background-repeat":"repeat","background-position":"center center","background-size":"auto","background-attachment":"scroll","background-type":"","background-media":"","overlay-type":"","overlay-color":"","overlay-opacity":"","overlay-gradient":""}},"ast-content-background-meta":{"desktop":{"background-color":"var(--ast-global-color-5)","background-image":"","background-repeat":"repeat","background-position":"center center","background-size":"auto","background-attachment":"scroll","background-type":"","background-media":"","overlay-type":"","overlay-color":"","overlay-opacity":"","overlay-gradient":""},"tablet":{"background-color":"var(--ast-global-color-5)","background-image":"","background-repeat":"repeat","background-position":"center center","background-size":"auto","background-attachment":"scroll","background-type":"","background-media":"","overlay-type":"","overlay-color":"","overlay-opacity":"","overlay-gradient":""},"mobile":{"background-color":"var(--ast-global-color-5)","background-image":"","background-repeat":"repeat","background-position":"center center","background-size":"auto","background-attachment":"scroll","background-type":"","background-media":"","overlay-type":"","overlay-color":"","overlay-opacity":"","overlay-gradient":""}},"footnotes":""},"class_list":["post-2","page","type-page","status-publish","hentry"],"yoast_head":"<!-- This site is optimized with the Yoast SEO plugin v23.6 - https:\/\/yoast.com\/wordpress\/plugins\/seo\/ -->\n<title>Etusivu - Vaikuttava<\/title>\n<meta name=\"description\" content=\"Tarjoamme terapia- ja ohjauspalveluita Lohjalla ja Helsingiss\u00e4. Palveluihimme kuuluu yksil\u00f6- ja pariterapia sek\u00e4 perheohjaus.\" \/>\n<meta name=\"robots\" content=\"index, follow, max-snippet:-1, max-image-preview:large, max-video-preview:-1\" \/>\n<link rel=\"canonical\" href=\"https:\/\/vaikuttavat.fi\/\" \/>\n<meta property=\"og:locale\" content=\"fi_FI\" \/>\n<meta property=\"og:type\" content=\"article\" \/>\n<meta property=\"og:title\" content=\"Etusivu - Vaikuttava\" \/>\n<meta property=\"og:description\" content=\"Tarjoamme terapia- ja ohjauspalveluita Lohjalla ja Helsingiss\u00e4. Palveluihimme kuuluu yksil\u00f6- ja pariterapia sek\u00e4 perheohjaus.\" \/>\n<meta property=\"og:url\" content=\"https:\/\/vaikuttavat.fi\/\" \/>\n<meta property=\"og:site_name\" content=\"Vaikuttava\" \/>\n<meta property=\"article:modified_time\" content=\"2024-11-17T19:49:14+00:00\" \/>\n<meta property=\"og:image\" content=\"https:\/\/vaikuttavat.fi\/wp-content\/uploads\/2024\/11\/DSC_1604-Redigera.jpg\" \/>\n\t<meta property=\"og:image:width\" content=\"1080\" \/>\n\t<meta property=\"og:image:height\" content=\"1350\" \/>\n\t<meta property=\"og:image:type\" content=\"image\/jpeg\" \/>\n<meta name=\"twitter:card\" content=\"summary_large_image\" \/>\n<meta name=\"twitter:label1\" content=\"Arvioitu lukuaika\" \/>\n\t<meta name=\"twitter:data1\" content=\"1 minuutti\" \/>\n<script type=\"application\/ld+json\" class=\"yoast-schema-graph\">{\"@context\":\"https:\/\/schema.org\",\"@graph\":[{\"@type\":\"WebPage\",\"@id\":\"https:\/\/vaikuttavat.fi\/\",\"url\":\"https:\/\/vaikuttavat.fi\/\",\"name\":\"Etusivu - Vaikuttava\",\"isPartOf\":{\"@id\":\"https:\/\/vaikuttavat.fi\/#website\"},\"primaryImageOfPage\":{\"@id\":\"https:\/\/vaikuttavat.fi\/#primaryimage\"},\"image\":{\"@id\":\"https:\/\/vaikuttavat.fi\/#primaryimage\"},\"thumbnailUrl\":\"https:\/\/vaikuttavat.fi\/wp-content\/uploads\/2024\/11\/DSC_1604-Redigera-819x1024.jpg\",\"datePublished\":\"2024-02-25T12:39:36+00:00\",\"dateModified\":\"2024-11-17T19:49:14+00:00\",\"description\":\"Tarjoamme terapia- ja ohjauspalveluita Lohjalla ja Helsingiss\u00e4. Palveluihimme kuuluu yksil\u00f6- ja pariterapia sek\u00e4 perheohjaus.\",\"breadcrumb\":{\"@id\":\"https:\/\/vaikuttavat.fi\/#breadcrumb\"},\"inLanguage\":\"fi\",\"potentialAction\":[{\"@type\":\"ReadAction\",\"target\":[\"https:\/\/vaikuttavat.fi\/\"]}]},{\"@type\":\"ImageObject\",\"inLanguage\":\"fi\",\"@id\":\"https:\/\/vaikuttavat.fi\/#primaryimage\",\"url\":\"https:\/\/vaikuttavat.fi\/wp-content\/uploads\/2024\/11\/DSC_1604-Redigera.jpg\",\"contentUrl\":\"https:\/\/vaikuttavat.fi\/wp-content\/uploads\/2024\/11\/DSC_1604-Redigera.jpg\",\"width\":1080,\"height\":1350,\"caption\":\"Rauhoittava luonto\"},{\"@type\":\"BreadcrumbList\",\"@id\":\"https:\/\/vaikuttavat.fi\/#breadcrumb\",\"itemListElement\":[{\"@type\":\"ListItem\",\"position\":1,\"name\":\"Etusivu\",\"item\":\"https:\/\/vaikuttavat.fi\/\"},{\"@type\":\"ListItem\",\"position\":2,\"name\":\"Etusivu\"}]},{\"@type\":\"WebSite\",\"@id\":\"https:\/\/vaikuttavat.fi\/#website\",\"url\":\"https:\/\/vaikuttavat.fi\/\",\"name\":\"Vaikuttava\",\"description\":\"Terapia- ja ohjauspalvelut\",\"publisher\":{\"@id\":\"https:\/\/vaikuttavat.fi\/#organization\"},\"potentialAction\":[{\"@type\":\"SearchAction\",\"target\":{\"@type\":\"EntryPoint\",\"urlTemplate\":\"https:\/\/vaikuttavat.fi\/?s={search_term_string}\"},\"query-input\":{\"@type\":\"PropertyValueSpecification\",\"valueRequired\":true,\"valueName\":\"search_term_string\"}}],\"inLanguage\":\"fi\"},{\"@type\":\"Organization\",\"@id\":\"https:\/\/vaikuttavat.fi\/#organization\",\"name\":\"Vaikuttava\",\"url\":\"https:\/\/vaikuttavat.fi\/\",\"logo\":{\"@type\":\"ImageObject\",\"inLanguage\":\"fi\",\"@id\":\"https:\/\/vaikuttavat.fi\/#\/schema\/logo\/image\/\",\"url\":\"https:\/\/vaikuttavat.fi\/wp-content\/uploads\/2024\/11\/cropped-cropped-cropped-Vaikuttava.png\",\"contentUrl\":\"https:\/\/vaikuttavat.fi\/wp-content\/uploads\/2024\/11\/cropped-cropped-cropped-Vaikuttava.png\",\"width\":441,\"height\":147,\"caption\":\"Vaikuttava\"},\"image\":{\"@id\":\"https:\/\/vaikuttavat.fi\/#\/schema\/logo\/image\/\"}}]}<\/script>\n<!-- \/ Yoast SEO plugin. -->","yoast_head_json":{"title":"Etusivu - Vaikuttava","description":"Tarjoamme terapia- ja ohjauspalveluita Lohjalla ja Helsingiss\u00e4. Palveluihimme kuuluu yksil\u00f6- ja pariterapia sek\u00e4 perheohjaus.","robots":{"index":"index","follow":"follow","max-snippet":"max-snippet:-1","max-image-preview":"max-image-preview:large","max-video-preview":"max-video-preview:-1"},"canonical":"https:\/\/vaikuttavat.fi\/","og_locale":"fi_FI","og_type":"article","og_title":"Etusivu - Vaikuttava","og_description":"Tarjoamme terapia- ja ohjauspalveluita Lohjalla ja Helsingiss\u00e4. Palveluihimme kuuluu yksil\u00f6- ja pariterapia sek\u00e4 perheohjaus.","og_url":"https:\/\/vaikuttavat.fi\/","og_site_name":"Vaikuttava","article_modified_time":"2024-11-17T19:49:14+00:00","og_image":[{"width":1080,"height":1350,"url":"https:\/\/vaikuttavat.fi\/wp-content\/uploads\/2024\/11\/DSC_1604-Redigera.jpg","type":"image\/jpeg"}],"twitter_card":"summary_large_image","twitter_misc":{"Arvioitu lukuaika":"1 minuutti"},"schema":{"@context":"https:\/\/schema.org","@graph":[{"@type":"WebPage","@id":"https:\/\/vaikuttavat.fi\/","url":"https:\/\/vaikuttavat.fi\/","name":"Etusivu - Vaikuttava","isPartOf":{"@id":"https:\/\/vaikuttavat.fi\/#website"},"primaryImageOfPage":{"@id":"https:\/\/vaikuttavat.fi\/#primaryimage"},"image":{"@id":"https:\/\/vaikuttavat.fi\/#primaryimage"},"thumbnailUrl":"https:\/\/vaikuttavat.fi\/wp-content\/uploads\/2024\/11\/DSC_1604-Redigera-819x1024.jpg","datePublished":"2024-02-25T12:39:36+00:00","dateModified":"2024-11-17T19:49:14+00:00","description":"Tarjoamme terapia- ja ohjauspalveluita Lohjalla ja Helsingiss\u00e4. Palveluihimme kuuluu yksil\u00f6- ja pariterapia sek\u00e4 perheohjaus.","breadcrumb":{"@id":"https:\/\/vaikuttavat.fi\/#breadcrumb"},"inLanguage":"fi","potentialAction":[{"@type":"ReadAction","target":["https:\/\/vaikuttavat.fi\/"]}]},{"@type":"ImageObject","inLanguage":"fi","@id":"https:\/\/vaikuttavat.fi\/#primaryimage","url":"https:\/\/vaikuttavat.fi\/wp-content\/uploads\/2024\/11\/DSC_1604-Redigera.jpg","contentUrl":"https:\/\/vaikuttavat.fi\/wp-content\/uploads\/2024\/11\/DSC_1604-Redigera.jpg","width":1080,"height":1350,"caption":"Rauhoittava luonto"},{"@type":"BreadcrumbList","@id":"https:\/\/vaikuttavat.fi\/#breadcrumb","itemListElement":[{"@type":"ListItem","position":1,"name":"Etusivu","item":"https:\/\/vaikuttavat.fi\/"},{"@type":"ListItem","position":2,"name":"Etusivu"}]},{"@type":"WebSite","@id":"https:\/\/vaikuttavat.fi\/#website","url":"https:\/\/vaikuttavat.fi\/","name":"Vaikuttava","description":"Terapia- ja ohjauspalvelut","publisher":{"@id":"https:\/\/vaikuttavat.fi\/#organization"},"potentialAction":[{"@type":"SearchAction","target":{"@type":"EntryPoint","urlTemplate":"https:\/\/vaikuttavat.fi\/?s={search_term_string}"},"query-input":{"@type":"PropertyValueSpecification","valueRequired":true,"valueName":"search_term_string"}}],"inLanguage":"fi"},{"@type":"Organization","@id":"https:\/\/vaikuttavat.fi\/#organization","name":"Vaikuttava","url":"https:\/\/vaikuttavat.fi\/","logo":{"@type":"ImageObject","inLanguage":"fi","@id":"https:\/\/vaikuttavat.fi\/#\/schema\/logo\/image\/","url":"https:\/\/vaikuttavat.fi\/wp-content\/uploads\/2024\/11\/cropped-cropped-cropped-Vaikuttava.png","contentUrl":"https:\/\/vaikuttavat.fi\/wp-content\/uploads\/2024\/11\/cropped-cropped-cropped-Vaikuttava.png","width":441,"height":147,"caption":"Vaikuttava"},"image":{"@id":"https:\/\/vaikuttavat.fi\/#\/schema\/logo\/image\/"}}]}},"_links":{"self":[{"href":"https:\/\/vaikuttavat.fi\/index.php?rest_route=\/wp\/v2\/pages\/2"}],"collection":[{"href":"https:\/\/vaikuttavat.fi\/index.php?rest_route=\/wp\/v2\/pages"}],"about":[{"href":"https:\/\/vaikuttavat.fi\/index.php?rest_route=\/wp\/v2\/types\/page"}],"author":[{"embeddable":true,"href":"https:\/\/vaikuttavat.fi\/index.php?rest_route=\/wp\/v2\/users\/1"}],"replies":[{"embeddable":true,"href":"https:\/\/vaikuttavat.fi\/index.php?rest_route=%2Fwp%2Fv2%2Fcomments&post=2"}],"version-history":[{"count":55,"href":"https:\/\/vaikuttavat.fi\/index.php?rest_route=\/wp\/v2\/pages\/2\/revisions"}],"predecessor-version":[{"id":240,"href":"https:\/\/vaikuttavat.fi\/index.php?rest_route=\/wp\/v2\/pages\/2\/revisions\/240"}],"wp:attachment":[{"href":"https:\/\/vaikuttavat.fi\/index.php?rest_route=%2Fwp%2Fv2%2Fmedia&parent=2"}],"curies":[{"name":"wp","href":"https:\/\/api.w.org\/{rel}","templated":true}]}}