{"id":18,"date":"2024-11-12T11:56:18","date_gmt":"2024-11-12T11:56:18","guid":{"rendered":"https:\/\/vaikuttavat.fi\/?page_id=18"},"modified":"2024-11-15T12:48:32","modified_gmt":"2024-11-15T12:48:32","slug":"terapeuttimme","status":"publish","type":"page","link":"https:\/\/vaikuttavat.fi\/?page_id=18","title":{"rendered":"Tietoa meist\u00e4"},"content":{"rendered":"\t\t<div data-elementor-type=\"wp-page\" data-elementor-id=\"18\" class=\"elementor elementor-18\">\n\t\t\t\t<div class=\"elementor-element elementor-element-22b189c e-flex e-con-boxed e-con e-parent\" data-id=\"22b189c\" data-element_type=\"container\">\n\t\t\t\t\t<div class=\"e-con-inner\">\n\t\t\t\t<div class=\"elementor-element elementor-element-9e08e3f elementor-widget elementor-widget-heading\" data-id=\"9e08e3f\" data-element_type=\"widget\" data-widget_type=\"heading.default\">\n\t\t\t\t<div class=\"elementor-widget-container\">\n\t\t\t<h2 class=\"elementor-heading-title elementor-size-default\">Meist\u00e4<\/h2>\t\t<\/div>\n\t\t\t\t<\/div>\n\t\t\t\t\t<\/div>\n\t\t\t\t<\/div>\n\t\t<div class=\"elementor-element elementor-element-a8d456b e-flex e-con-boxed e-con e-parent\" data-id=\"a8d456b\" data-element_type=\"container\">\n\t\t\t\t\t<div class=\"e-con-inner\">\n\t\t<div class=\"elementor-element elementor-element-73eda88 e-con-full e-flex e-con e-child\" data-id=\"73eda88\" data-element_type=\"container\">\n\t\t\t\t<div class=\"elementor-element elementor-element-3af3c94 elementor-widget elementor-widget-text-editor\" data-id=\"3af3c94\" data-element_type=\"widget\" data-widget_type=\"text-editor.default\">\n\t\t\t\t<div class=\"elementor-widget-container\">\n\t\t\t\t\t\t\t<p><b>Pirita Glumerus<\/b><\/p><p><span style=\"font-style: inherit; font-family: var( --e-global-typography-text-font-family ), Sans-serif;\">Olen koulutukseltani psykiatrinen sairaanhoitaja ja terveydenhoitaja, IPT-terapeutti ja ratkaisukeskeinen terapeutti. Olen ty\u00f6skennellyt kymmenen vuotta erikoissairaanhoidossa, nuorisopsykiatriassa. T\u00e4m\u00e4n lis\u00e4ksi minulla on kymmenen vuoden ty\u00f6kokemus p\u00e4ihteill\u00e4 oireilevien nuorten ja heid\u00e4n perheiden parissa ty\u00f6skentelyst\u00e4.<\/span><\/p><p><span style=\"font-style: inherit; font-family: var( --e-global-typography-text-font-family ), Sans-serif;\">Minulla on laaja osaaminen erilaisten psyykkisten ongelmien hoidosta, kuten masennus, ahdistuneisuus, paniikkih\u00e4iri\u00f6, sosiaaliset pelot ja erilaiset el\u00e4m\u00e4nkriisit. N\u00e4iden lis\u00e4ksi minulla on vahva osaaminen neurokehityksellisist\u00e4 h\u00e4iri\u00f6ist\u00e4.<\/span><\/p><ul><li><span style=\"font-style: inherit; font-family: var( --e-global-typography-text-font-family ), Sans-serif;\">\u00a0Sairaanhoitaja ja terveydenhoitaja AMK 2004<\/span><\/li><li>Voimavarakeskeinen perhe- ja verkostoty\u00f6n koulutus 2015<\/li><li><span style=\"font-style: inherit; font-family: var( --e-global-typography-text-font-family ), Sans-serif;\">Terveydenhoitaja YAMK 2016<\/span><\/li><li><span style=\"font-weight: 400;\">Aggression Replacement Training-Ohjaaja 2017<\/span><\/li><li><span style=\"font-weight: 400;\">IPT- N terapeutti 2018<\/span><\/li><li><span style=\"font-weight: 400;\">\u00a0IPC-menetelm\u00e4ohjaaja 2020<\/span><\/li><li><span style=\"font-weight: 400;\">\u00a0Ratkaisukeskeinen lyhytterapeutti (50 op) 2023<\/span><\/li><li><span style=\"font-weight: 400;\">\u00a0Parhaillaan kognitiivisen k\u00e4ytt\u00e4ytymisterapian psykoterapiakoulutuksessa.\u00a0 (Tampereen yliopisto)<\/span><\/li><\/ul>\t\t\t\t\t\t<\/div>\n\t\t\t\t<\/div>\n\t\t\t\t<div class=\"elementor-element elementor-element-43db73c elementor-widget__width-initial elementor-widget elementor-widget-spacer\" data-id=\"43db73c\" data-element_type=\"widget\" data-widget_type=\"spacer.default\">\n\t\t\t\t<div class=\"elementor-widget-container\">\n\t\t\t\t\t<div class=\"elementor-spacer\">\n\t\t\t<div class=\"elementor-spacer-inner\"><\/div>\n\t\t<\/div>\n\t\t\t\t<\/div>\n\t\t\t\t<\/div>\n\t\t\t\t<div class=\"elementor-element elementor-element-a553581 elementor-widget elementor-widget-image\" data-id=\"a553581\" data-element_type=\"widget\" data-widget_type=\"image.default\">\n\t\t\t\t<div class=\"elementor-widget-container\">\n\t\t\t\t\t\t\t\t\t\t\t\t\t<img decoding=\"async\" src=\"https:\/\/vaikuttavat.fi\/wp-content\/plugins\/elementor\/assets\/images\/placeholder.png\" title=\"\" alt=\"\" loading=\"lazy\" \/>\t\t\t\t\t\t\t\t\t\t\t\t\t<\/div>\n\t\t\t\t<\/div>\n\t\t\t\t<\/div>\n\t\t<div class=\"elementor-element elementor-element-e94ec66 e-con-full e-flex e-con e-child\" data-id=\"e94ec66\" data-element_type=\"container\">\n\t\t\t\t<div class=\"elementor-element elementor-element-654a6fa elementor-widget elementor-widget-text-editor\" data-id=\"654a6fa\" data-element_type=\"widget\" data-widget_type=\"text-editor.default\">\n\t\t\t\t<div class=\"elementor-widget-container\">\n\t\t\t\t\t\t\t<p><b>Laura Harva<\/b><\/p><p><span style=\"font-weight: 400;\">Olen koulutukseltani sosionomi, ratkaisukeskeinen lyhytterapeutti ja JYET. T\u00e4ll\u00e4 hetkell\u00e4 opiskelen kognitiivisen k\u00e4ytt\u00e4ytymisterapian psykoterapeutiksi. Valtaosan ty\u00f6urastani olen tehnyt sosiaalialan avopalveluissa ty\u00f6skennellen lasten, nuorten ja perheiden sek\u00e4 aikuisten p\u00e4ihde- ja mielenterveysasiakkaiden parissa. Olen ty\u00f6skennellyt my\u00f6s useita vuosia lastensuojelun sijaishuollossa psyykkisesti ja p\u00e4ihteidenk\u00e4yt\u00f6ll\u00e4 oireilevien lasten ja nuorten kanssa.<\/span><\/p><p><span style=\"font-weight: 400;\">Ammattilaisena vahvuuksiani ovat kriisitilanteessa ja suurten muutosten keskell\u00e4 olevien ihmisten kohtaaminen, tilanteen vakauttaminen ja uusien n\u00e4k\u00f6kulmien tarjoaminen. Minulla on vahva osaaminen mielenterveyshaasteiden kanssa painivien sek\u00e4 neuroep\u00e4tyypillisten ihmisten kanssa ty\u00f6skentelemisess\u00e4. Terapeuttina ja ohjaajana olen vahvasti l\u00e4sn\u00e4 oleva ja lempe\u00e4, mutten pelk\u00e4\u00e4 haastaa asiakasta oikealla hetkell\u00e4.\u00a0<\/span><\/p><ul><li style=\"font-weight: 400;\" aria-level=\"1\"><span style=\"font-weight: 400;\">kasvatustieteiden approbatur 1999<\/span><\/li><li style=\"font-weight: 400;\" aria-level=\"1\"><span style=\"font-weight: 400;\">erityispedagogiikan approbatur 1999<\/span><\/li><li style=\"font-weight: 400;\" aria-level=\"1\"><span style=\"font-weight: 400;\">sosionomi AMK 2003<\/span><\/li><li style=\"font-weight: 400;\" aria-level=\"1\"><span style=\"font-weight: 400;\">ratkaisukeskeinen lyhytterapeutti (50op) 2023<\/span><\/li><li style=\"font-weight: 400;\" aria-level=\"1\"><span style=\"font-weight: 400;\">johtamisen ja yritysjohtamisen erikoisammattitutkinto 2023<\/span><\/li><li style=\"font-weight: 400;\" aria-level=\"1\"><span style=\"font-weight: 400;\">Parhaillaan kognitiivisen k\u00e4ytt\u00e4ytymisterapian psykoterapeuttikoulutuksessa (Tampereen yliopisto)<\/span><\/li><\/ul>\t\t\t\t\t\t<\/div>\n\t\t\t\t<\/div>\n\t\t\t\t<div class=\"elementor-element elementor-element-2b8b8a0 elementor-widget elementor-widget-image\" data-id=\"2b8b8a0\" data-element_type=\"widget\" data-widget_type=\"image.default\">\n\t\t\t\t<div class=\"elementor-widget-container\">\n\t\t\t\t\t\t\t\t\t\t\t\t\t<img decoding=\"async\" src=\"https:\/\/vaikuttavat.fi\/wp-content\/plugins\/elementor\/assets\/images\/placeholder.png\" title=\"\" alt=\"\" loading=\"lazy\" \/>\t\t\t\t\t\t\t\t\t\t\t\t\t<\/div>\n\t\t\t\t<\/div>\n\t\t\t\t<\/div>\n\t\t\t\t\t<\/div>\n\t\t\t\t<\/div>\n\t\t<div class=\"elementor-element elementor-element-addb198 e-flex e-con-boxed e-con e-parent\" data-id=\"addb198\" data-element_type=\"container\">\n\t\t\t\t\t<div class=\"e-con-inner\">\n\t\t\t\t<div class=\"elementor-element elementor-element-b66e8ba elementor-align-center elementor-widget elementor-widget-button\" data-id=\"b66e8ba\" data-element_type=\"widget\" data-widget_type=\"button.default\">\n\t\t\t\t<div class=\"elementor-widget-container\">\n\t\t\t\t\t\t\t<div class=\"elementor-button-wrapper\">\n\t\t\t\t\t<a class=\"elementor-button elementor-button-link elementor-size-sm\" href=\"https:\/\/vaikuttavat.fi\/?page_id=22\">\n\t\t\t\t\t\t<span class=\"elementor-button-content-wrapper\">\n\t\t\t\t\t\t\t\t\t<span class=\"elementor-button-text\">Palvelumme<\/span>\n\t\t\t\t\t<\/span>\n\t\t\t\t\t<\/a>\n\t\t\t\t<\/div>\n\t\t\t\t\t\t<\/div>\n\t\t\t\t<\/div>\n\t\t\t\t<div class=\"elementor-element elementor-element-6b2b237 elementor-align-center elementor-widget elementor-widget-button\" data-id=\"6b2b237\" data-element_type=\"widget\" data-widget_type=\"button.default\">\n\t\t\t\t<div class=\"elementor-widget-container\">\n\t\t\t\t\t\t\t<div class=\"elementor-button-wrapper\">\n\t\t\t\t\t<a class=\"elementor-button elementor-button-link elementor-size-sm\" href=\"https:\/\/vaikuttavat.fi\/?page_id=20\">\n\t\t\t\t\t\t<span class=\"elementor-button-content-wrapper\">\n\t\t\t\t\t\t\t\t\t<span class=\"elementor-button-text\">Ota yhteytt\u00e4<\/span>\n\t\t\t\t\t<\/span>\n\t\t\t\t\t<\/a>\n\t\t\t\t<\/div>\n\t\t\t\t\t\t<\/div>\n\t\t\t\t<\/div>\n\t\t\t\t\t<\/div>\n\t\t\t\t<\/div>\n\t\t\t\t<\/div>\n\t\t","protected":false},"excerpt":{"rendered":"<p>Meist\u00e4 Pirita Glumerus Olen koulutukseltani psykiatrinen sairaanhoitaja ja terveydenhoitaja, IPT-terapeutti ja ratkaisukeskeinen terapeutti. Olen ty\u00f6skennellyt kymmenen vuotta erikoissairaanhoidossa, nuorisopsykiatriassa. T\u00e4m\u00e4n [&hellip;]<\/p>\n","protected":false},"author":1,"featured_media":0,"parent":0,"menu_order":0,"comment_status":"closed","ping_status":"closed","template":"","meta":{"site-sidebar-layout":"no-sidebar","site-content-layout":"","ast-site-content-layout":"full-width-container","site-content-style":"default","site-sidebar-style":"default","ast-global-header-display":"","ast-banner-title-visibility":"","ast-main-header-display":"","ast-hfb-above-header-display":"","ast-hfb-below-header-display":"","ast-hfb-mobile-header-display":"","site-post-title":"disabled","ast-breadcrumbs-content":"","ast-featured-img":"disabled","footer-sml-layout":"","theme-transparent-header-meta":"","adv-header-id-meta":"","stick-header-meta":"","header-above-stick-meta":"","header-main-stick-meta":"","header-below-stick-meta":"","astra-migrate-meta-layouts":"default","ast-page-background-enabled":"default","ast-page-background-meta":{"desktop":{"background-color":"var(--ast-global-color-4)","background-image":"","background-repeat":"repeat","background-position":"center center","background-size":"auto","background-attachment":"scroll","background-type":"","background-media":"","overlay-type":"","overlay-color":"","overlay-opacity":"","overlay-gradient":""},"tablet":{"background-color":"","background-image":"","background-repeat":"repeat","background-position":"center center","background-size":"auto","background-attachment":"scroll","background-type":"","background-media":"","overlay-type":"","overlay-color":"","overlay-opacity":"","overlay-gradient":""},"mobile":{"background-color":"","background-image":"","background-repeat":"repeat","background-position":"center center","background-size":"auto","background-attachment":"scroll","background-type":"","background-media":"","overlay-type":"","overlay-color":"","overlay-opacity":"","overlay-gradient":""}},"ast-content-background-meta":{"desktop":{"background-color":"var(--ast-global-color-5)","background-image":"","background-repeat":"repeat","background-position":"center center","background-size":"auto","background-attachment":"scroll","background-type":"","background-media":"","overlay-type":"","overlay-color":"","overlay-opacity":"","overlay-gradient":""},"tablet":{"background-color":"var(--ast-global-color-5)","background-image":"","background-repeat":"repeat","background-position":"center center","background-size":"auto","background-attachment":"scroll","background-type":"","background-media":"","overlay-type":"","overlay-color":"","overlay-opacity":"","overlay-gradient":""},"mobile":{"background-color":"var(--ast-global-color-5)","background-image":"","background-repeat":"repeat","background-position":"center center","background-size":"auto","background-attachment":"scroll","background-type":"","background-media":"","overlay-type":"","overlay-color":"","overlay-opacity":"","overlay-gradient":""}},"footnotes":""},"class_list":["post-18","page","type-page","status-publish","hentry"],"yoast_head":"<!-- This site is optimized with the Yoast SEO plugin v23.6 - https:\/\/yoast.com\/wordpress\/plugins\/seo\/ -->\n<title>Tietoa meist\u00e4 - Vaikuttava<\/title>\n<meta name=\"description\" content=\"Terapeuttimme ovat kokeneita pitk\u00e4n ty\u00f6- ja koulutushistorian ansioista. El\u00e4m\u00e4n eri haasteet ovat tuttuja. Lue lis\u00e4\u00e4 sivultamme!\" \/>\n<meta name=\"robots\" content=\"index, follow, max-snippet:-1, max-image-preview:large, max-video-preview:-1\" \/>\n<link rel=\"canonical\" href=\"https:\/\/vaikuttavat.fi\/?page_id=18\" \/>\n<meta property=\"og:locale\" content=\"fi_FI\" \/>\n<meta property=\"og:type\" content=\"article\" \/>\n<meta property=\"og:title\" content=\"Tietoa meist\u00e4 - Vaikuttava\" \/>\n<meta property=\"og:description\" content=\"Terapeuttimme ovat kokeneita pitk\u00e4n ty\u00f6- ja koulutushistorian ansioista. El\u00e4m\u00e4n eri haasteet ovat tuttuja. Lue lis\u00e4\u00e4 sivultamme!\" \/>\n<meta property=\"og:url\" content=\"https:\/\/vaikuttavat.fi\/?page_id=18\" \/>\n<meta property=\"og:site_name\" content=\"Vaikuttava\" \/>\n<meta property=\"article:modified_time\" content=\"2024-11-15T12:48:32+00:00\" \/>\n<meta property=\"og:image\" content=\"https:\/\/vaikuttavat.fi\/wp-content\/plugins\/elementor\/assets\/images\/placeholder.png\" \/>\n<meta name=\"twitter:card\" content=\"summary_large_image\" \/>\n<meta name=\"twitter:label1\" content=\"Arvioitu lukuaika\" \/>\n\t<meta name=\"twitter:data1\" content=\"2 minuuttia\" \/>\n<script type=\"application\/ld+json\" class=\"yoast-schema-graph\">{\"@context\":\"https:\/\/schema.org\",\"@graph\":[{\"@type\":\"WebPage\",\"@id\":\"https:\/\/vaikuttavat.fi\/?page_id=18\",\"url\":\"https:\/\/vaikuttavat.fi\/?page_id=18\",\"name\":\"Tietoa meist\u00e4 - Vaikuttava\",\"isPartOf\":{\"@id\":\"https:\/\/vaikuttavat.fi\/#website\"},\"primaryImageOfPage\":{\"@id\":\"https:\/\/vaikuttavat.fi\/?page_id=18#primaryimage\"},\"image\":{\"@id\":\"https:\/\/vaikuttavat.fi\/?page_id=18#primaryimage\"},\"thumbnailUrl\":\"https:\/\/vaikuttavat.fi\/wp-content\/plugins\/elementor\/assets\/images\/placeholder.png\",\"datePublished\":\"2024-11-12T11:56:18+00:00\",\"dateModified\":\"2024-11-15T12:48:32+00:00\",\"description\":\"Terapeuttimme ovat kokeneita pitk\u00e4n ty\u00f6- ja koulutushistorian ansioista. El\u00e4m\u00e4n eri haasteet ovat tuttuja. Lue lis\u00e4\u00e4 sivultamme!\",\"breadcrumb\":{\"@id\":\"https:\/\/vaikuttavat.fi\/?page_id=18#breadcrumb\"},\"inLanguage\":\"fi\",\"potentialAction\":[{\"@type\":\"ReadAction\",\"target\":[\"https:\/\/vaikuttavat.fi\/?page_id=18\"]}]},{\"@type\":\"ImageObject\",\"inLanguage\":\"fi\",\"@id\":\"https:\/\/vaikuttavat.fi\/?page_id=18#primaryimage\",\"url\":\"https:\/\/vaikuttavat.fi\/wp-content\/plugins\/elementor\/assets\/images\/placeholder.png\",\"contentUrl\":\"https:\/\/vaikuttavat.fi\/wp-content\/plugins\/elementor\/assets\/images\/placeholder.png\"},{\"@type\":\"BreadcrumbList\",\"@id\":\"https:\/\/vaikuttavat.fi\/?page_id=18#breadcrumb\",\"itemListElement\":[{\"@type\":\"ListItem\",\"position\":1,\"name\":\"Etusivu\",\"item\":\"https:\/\/vaikuttavat.fi\/\"},{\"@type\":\"ListItem\",\"position\":2,\"name\":\"Tietoa meist\u00e4\"}]},{\"@type\":\"WebSite\",\"@id\":\"https:\/\/vaikuttavat.fi\/#website\",\"url\":\"https:\/\/vaikuttavat.fi\/\",\"name\":\"Vaikuttava\",\"description\":\"Terapia- ja ohjauspalvelut\",\"publisher\":{\"@id\":\"https:\/\/vaikuttavat.fi\/#organization\"},\"potentialAction\":[{\"@type\":\"SearchAction\",\"target\":{\"@type\":\"EntryPoint\",\"urlTemplate\":\"https:\/\/vaikuttavat.fi\/?s={search_term_string}\"},\"query-input\":{\"@type\":\"PropertyValueSpecification\",\"valueRequired\":true,\"valueName\":\"search_term_string\"}}],\"inLanguage\":\"fi\"},{\"@type\":\"Organization\",\"@id\":\"https:\/\/vaikuttavat.fi\/#organization\",\"name\":\"Vaikuttava\",\"url\":\"https:\/\/vaikuttavat.fi\/\",\"logo\":{\"@type\":\"ImageObject\",\"inLanguage\":\"fi\",\"@id\":\"https:\/\/vaikuttavat.fi\/#\/schema\/logo\/image\/\",\"url\":\"https:\/\/vaikuttavat.fi\/wp-content\/uploads\/2024\/11\/cropped-cropped-cropped-Vaikuttava.png\",\"contentUrl\":\"https:\/\/vaikuttavat.fi\/wp-content\/uploads\/2024\/11\/cropped-cropped-cropped-Vaikuttava.png\",\"width\":441,\"height\":147,\"caption\":\"Vaikuttava\"},\"image\":{\"@id\":\"https:\/\/vaikuttavat.fi\/#\/schema\/logo\/image\/\"}}]}<\/script>\n<!-- \/ Yoast SEO plugin. -->","yoast_head_json":{"title":"Tietoa meist\u00e4 - Vaikuttava","description":"Terapeuttimme ovat kokeneita pitk\u00e4n ty\u00f6- ja koulutushistorian ansioista. El\u00e4m\u00e4n eri haasteet ovat tuttuja. Lue lis\u00e4\u00e4 sivultamme!","robots":{"index":"index","follow":"follow","max-snippet":"max-snippet:-1","max-image-preview":"max-image-preview:large","max-video-preview":"max-video-preview:-1"},"canonical":"https:\/\/vaikuttavat.fi\/?page_id=18","og_locale":"fi_FI","og_type":"article","og_title":"Tietoa meist\u00e4 - Vaikuttava","og_description":"Terapeuttimme ovat kokeneita pitk\u00e4n ty\u00f6- ja koulutushistorian ansioista. El\u00e4m\u00e4n eri haasteet ovat tuttuja. Lue lis\u00e4\u00e4 sivultamme!","og_url":"https:\/\/vaikuttavat.fi\/?page_id=18","og_site_name":"Vaikuttava","article_modified_time":"2024-11-15T12:48:32+00:00","og_image":[{"url":"https:\/\/vaikuttavat.fi\/wp-content\/plugins\/elementor\/assets\/images\/placeholder.png"}],"twitter_card":"summary_large_image","twitter_misc":{"Arvioitu lukuaika":"2 minuuttia"},"schema":{"@context":"https:\/\/schema.org","@graph":[{"@type":"WebPage","@id":"https:\/\/vaikuttavat.fi\/?page_id=18","url":"https:\/\/vaikuttavat.fi\/?page_id=18","name":"Tietoa meist\u00e4 - Vaikuttava","isPartOf":{"@id":"https:\/\/vaikuttavat.fi\/#website"},"primaryImageOfPage":{"@id":"https:\/\/vaikuttavat.fi\/?page_id=18#primaryimage"},"image":{"@id":"https:\/\/vaikuttavat.fi\/?page_id=18#primaryimage"},"thumbnailUrl":"https:\/\/vaikuttavat.fi\/wp-content\/plugins\/elementor\/assets\/images\/placeholder.png","datePublished":"2024-11-12T11:56:18+00:00","dateModified":"2024-11-15T12:48:32+00:00","description":"Terapeuttimme ovat kokeneita pitk\u00e4n ty\u00f6- ja koulutushistorian ansioista. El\u00e4m\u00e4n eri haasteet ovat tuttuja. Lue lis\u00e4\u00e4 sivultamme!","breadcrumb":{"@id":"https:\/\/vaikuttavat.fi\/?page_id=18#breadcrumb"},"inLanguage":"fi","potentialAction":[{"@type":"ReadAction","target":["https:\/\/vaikuttavat.fi\/?page_id=18"]}]},{"@type":"ImageObject","inLanguage":"fi","@id":"https:\/\/vaikuttavat.fi\/?page_id=18#primaryimage","url":"https:\/\/vaikuttavat.fi\/wp-content\/plugins\/elementor\/assets\/images\/placeholder.png","contentUrl":"https:\/\/vaikuttavat.fi\/wp-content\/plugins\/elementor\/assets\/images\/placeholder.png"},{"@type":"BreadcrumbList","@id":"https:\/\/vaikuttavat.fi\/?page_id=18#breadcrumb","itemListElement":[{"@type":"ListItem","position":1,"name":"Etusivu","item":"https:\/\/vaikuttavat.fi\/"},{"@type":"ListItem","position":2,"name":"Tietoa meist\u00e4"}]},{"@type":"WebSite","@id":"https:\/\/vaikuttavat.fi\/#website","url":"https:\/\/vaikuttavat.fi\/","name":"Vaikuttava","description":"Terapia- ja ohjauspalvelut","publisher":{"@id":"https:\/\/vaikuttavat.fi\/#organization"},"potentialAction":[{"@type":"SearchAction","target":{"@type":"EntryPoint","urlTemplate":"https:\/\/vaikuttavat.fi\/?s={search_term_string}"},"query-input":{"@type":"PropertyValueSpecification","valueRequired":true,"valueName":"search_term_string"}}],"inLanguage":"fi"},{"@type":"Organization","@id":"https:\/\/vaikuttavat.fi\/#organization","name":"Vaikuttava","url":"https:\/\/vaikuttavat.fi\/","logo":{"@type":"ImageObject","inLanguage":"fi","@id":"https:\/\/vaikuttavat.fi\/#\/schema\/logo\/image\/","url":"https:\/\/vaikuttavat.fi\/wp-content\/uploads\/2024\/11\/cropped-cropped-cropped-Vaikuttava.png","contentUrl":"https:\/\/vaikuttavat.fi\/wp-content\/uploads\/2024\/11\/cropped-cropped-cropped-Vaikuttava.png","width":441,"height":147,"caption":"Vaikuttava"},"image":{"@id":"https:\/\/vaikuttavat.fi\/#\/schema\/logo\/image\/"}}]}},"_links":{"self":[{"href":"https:\/\/vaikuttavat.fi\/index.php?rest_route=\/wp\/v2\/pages\/18"}],"collection":[{"href":"https:\/\/vaikuttavat.fi\/index.php?rest_route=\/wp\/v2\/pages"}],"about":[{"href":"https:\/\/vaikuttavat.fi\/index.php?rest_route=\/wp\/v2\/types\/page"}],"author":[{"embeddable":true,"href":"https:\/\/vaikuttavat.fi\/index.php?rest_route=\/wp\/v2\/users\/1"}],"replies":[{"embeddable":true,"href":"https:\/\/vaikuttavat.fi\/index.php?rest_route=%2Fwp%2Fv2%2Fcomments&post=18"}],"version-history":[{"count":17,"href":"https:\/\/vaikuttavat.fi\/index.php?rest_route=\/wp\/v2\/pages\/18\/revisions"}],"predecessor-version":[{"id":204,"href":"https:\/\/vaikuttavat.fi\/index.php?rest_route=\/wp\/v2\/pages\/18\/revisions\/204"}],"wp:attachment":[{"href":"https:\/\/vaikuttavat.fi\/index.php?rest_route=%2Fwp%2Fv2%2Fmedia&parent=18"}],"curies":[{"name":"wp","href":"https:\/\/api.w.org\/{rel}","templated":true}]}}